{"id":57,"date":"2023-02-02T13:29:59","date_gmt":"2023-02-02T13:29:59","guid":{"rendered":"https:\/\/dist2.famnit.upr.si\/?p=57"},"modified":"2023-02-02T13:29:59","modified_gmt":"2023-02-02T13:29:59","slug":"raziskovalna_podrocja","status":"publish","type":"page","link":"https:\/\/dist.famnit.upr.si\/index.php\/raziskovalna_podrocja\/","title":{"rendered":"(Sloven\u0161\u010dina) Ljudje in raziskovalna podro\u010dja"},"content":{"rendered":"<p class=\"qtranxs-available-languages-message qtranxs-available-languages-message-en\">Sorry, this entry is only available in <a href=\"https:\/\/dist.famnit.upr.si\/index.php\/wp-json\/wp\/v2\/pages\/57?lang=si\" class=\"qtranxs-available-language-link qtranxs-available-language-link-si\" title=\"Sloven\u0161\u010dina\">Sloven\u0161\u010dina<\/a>.<\/p>","protected":false},"excerpt":{"rendered":"<p>Sorry, this entry is only available in Sloven\u0161\u010dina.<\/p>\n","protected":false},"author":0,"featured_media":0,"parent":0,"menu_order":0,"comment_status":"open","ping_status":"open","template":"","meta":{"footnotes":""},"_links":{"self":[{"href":"https:\/\/dist.famnit.upr.si\/index.php\/wp-json\/wp\/v2\/pages\/57"}],"collection":[{"href":"https:\/\/dist.famnit.upr.si\/index.php\/wp-json\/wp\/v2\/pages"}],"about":[{"href":"https:\/\/dist.famnit.upr.si\/index.php\/wp-json\/wp\/v2\/types\/page"}],"replies":[{"embeddable":true,"href":"https:\/\/dist.famnit.upr.si\/index.php\/wp-json\/wp\/v2\/comments?post=57"}],"version-history":[{"count":0,"href":"https:\/\/dist.famnit.upr.si\/index.php\/wp-json\/wp\/v2\/pages\/57\/revisions"}],"wp:attachment":[{"href":"https:\/\/dist.famnit.upr.si\/index.php\/wp-json\/wp\/v2\/media?parent=57"}],"curies":[{"name":"wp","href":"https:\/\/api.w.org\/{rel}","templated":true}]}}