{"id":64,"date":"2015-05-26T09:28:07","date_gmt":"2015-05-26T09:28:07","guid":{"rendered":"https:\/\/dist2.famnit.upr.si\/?p=64"},"modified":"2015-05-26T09:28:07","modified_gmt":"2015-05-26T09:28:07","slug":"competitions","status":"publish","type":"page","link":"https:\/\/dist.famnit.upr.si\/index.php\/competitions\/","title":{"rendered":"Competitions"},"content":{"rendered":"<p><body><\/p>\n<p><\/p>\n<p>\n\t<span id=\"result_box\" lang=\"en\"><span class=\"hps\">We organize<\/span> <span class=\"hps\">or<\/span> <span class=\"hps\">participate in<\/span> <span class=\"hps\">programming<\/span> <span class=\"hps\">competitions<\/span> <span class=\"hps\">at the national<\/span> <span class=\"hps\">and international level<\/span><span>.<\/span><\/span><\/p>\n<h2>\n\tUniversity programming marathon<\/h2>\n<p>\n\t<span id=\"result_box\" lang=\"en\"><span class=\"hps\">University programming<\/span> <span class=\"hps\">marathon<\/span> (UPM) <span class=\"hps\">is a<\/span> <span class=\"hps\">Slovenian students&#8217; competition<\/span> <span class=\"hps\">in<\/span><span class=\"hps\"> programming with the e<\/span><span class=\"hps\">mphasis<\/span> <span class=\"hps\">on <\/span><span class=\"hps\">data structures<\/span> <span class=\"hps\">and<\/span> <span class=\"hps\">algorithms.<\/span> <span class=\"hps\">Participants may use and of the following programming languages:\u00a0<\/span> <span class=\"hps\">C<\/span><span>,<\/span> <span class=\"hps\">C<\/span> <span class=\"hps\">++<\/span><span>,<\/span> <span class=\"hps\">Java<\/span><span>,<\/span> <span class=\"hps\">Pascal<\/span><span>, Python<\/span> <span class=\"hps\">2<\/span><span>,<\/span> <span class=\"hps\">3<\/span> <span class=\"hps\">Python<\/span> <span class=\"hps\">or<\/span> <span class=\"hps\">C #<\/span><span>.<\/span><\/span><\/p>\n<p>\n\t<span lang=\"en\"><span class=\"hps\">UPM<\/span> <span class=\"hps\">consists of pre-competitions<\/span><span>,<\/span> <span class=\"hps\">three competition<\/span> <span class=\"hps\">rounds<\/span> <span class=\"hps\">and finals<\/span><span>.<\/span> <span class=\"hps\">At the end of the<\/span> <span class=\"hps\">finals<\/span> <span class=\"hps\">the<\/span> <span class=\"hps\">champion<\/span> <span class=\"hps\">of <\/span><span class=\"hps\">UPM<\/span> <span class=\"hps\">and<\/span> <span class=\"hps\">champions<\/span> <span class=\"hps\">of individual<\/span> <span class=\"hps\">universities that<\/span> <span class=\"hps\">participate<\/span> <span class=\"hps\">in<\/span> <span class=\"hps\">the contest<\/span><span> are announced.<\/span> <span class=\"hps\">UPM<\/span> <span class=\"hps\">also serves as<\/span><span class=\"hps\"> a<\/span> <span class=\"hps\">qualifier for<\/span><span class=\"hps\"> the<\/span> <span class=\"hps\">ACM<\/span> <span class=\"hps\">ICPC<\/span> <span class=\"hps\">contest<\/span><span>.<\/span> <span class=\"hps\">This<\/span> <span class=\"hps\">takes place in two<\/span> <span class=\"hps\">stages<\/span><span>:<\/span> <span class=\"hps\">a regional competition<\/span> <span class=\"hps\">and<\/span> <span class=\"hps\">the global<\/span> <span class=\"hps\">finals.<\/span> <span class=\"hps\">Slovenia<\/span> <span class=\"hps\">is classified<\/span> <span class=\"hps\">in the<\/span> <span class=\"hps\">Central European<\/span> <span class=\"hps\">region.<\/span><\/span><\/p>\n<p>\n\t<span lang=\"en\"><span class=\"hps\">Our students<\/span> <span class=\"hps\">participate in<\/span> <span class=\"hps\">the<\/span> <span class=\"hps\">competition<\/span> <span class=\"hps\">since 2003<\/span><span> under the organisation of the Department for mathematichs and computer science at <\/span><span class=\"hps\">the<\/span> <span class=\"hps\">Faculty of Education<\/span><span>, University of Primorska<\/span><\/span>. Nowadays it is organised by DIST.<\/p>\n<h2>\n\tFTP &#8211; Faculty contest in programming<\/h2>\n<p>\n\t<span id=\"result_box\" lang=\"en\"><span class=\"hps\">We are<\/span><span class=\"hps\"> organizing the Faculty contest in programming for our students.<\/span> <span class=\"hps\">The contest<\/span> <span class=\"hps\">includes one<\/span> <span class=\"hps\">of the famous<\/span> <span class=\"hps\">games<\/span> <span class=\"hps\">in which<\/span> <span class=\"hps\">students must<\/span> program the tactics for their <span class=\"hps\">players<\/span>.\u00a0 <span class=\"hps\">Studetns then<\/span> <span class=\"hps\">compete with each other<\/span><span> with the players they programmed.<\/span> <span class=\"hps\">So far<\/span><span>, we have prepared<\/span> <span class=\"hps\">and<\/span> <span class=\"hps\">organized three<\/span> <span class=\"hps\">such competitions<\/span><span>:<\/span><\/span><\/p>\n<ul class=\"subentries\">\n<li class=\"nav_id_8\" data-nav_id=\"8\">\n\t\t<a href=\"http:\/\/bataljanavale.famnit.upr.si\/\">Bataglia navale (Navy battle) in Slovene<\/a><\/li>\n<li class=\"nav_id_9\" data-nav_id=\"9\">\n\t\t<a href=\"http:\/\/bataljaspaziale.famnit.upr.si\/\">Bataglia spaziale (Space battle) in Slovene<\/a><\/li>\n<li class=\"nav_id_10\" data-nav_id=\"10\">\n\t\t<a href=\"http:\/\/bataljapirata.famnit.upr.si\/\">Bataglia pirata (Pirate battle) in Slovene<\/a><\/li>\n<\/ul>\n<h2>\n\tOIIO \u00e2\u0080\u0093 Open International Internet-Olympiad<\/h2>\n<div class=\"content\">\n<p>\n\t\t(OIIO \u00e2\u0080\u0093 Open International Internet-Olympiadacademic year the Internet-Olympiads is held in the following disciplines: \u00e2\u0080\u009cMathematics\u00e2\u0080\u009d, \u00e2\u0080\u009cPhysics\u00e2\u0080\u009d, \u00e2\u0080\u009cChemistry\u00e2\u0080\u009d,\u00a0 \u00e2\u0080\u009c\u00d0\u00a1omputer science\u00e2\u0080\u009d, \u00e2\u0080\u009cEconomics\u00e2\u0080\u009d, \u00e2\u0080\u009cEcology\u00e2\u0080\u009d,\u00a0 \u00e2\u0080\u009cTheoretical Mechanics\u00e2\u0080\u009d, \u00e2\u0080\u009cStrength of Materials\u00e2\u0080\u009d,\u00a0 \u00e2\u0080\u009cRussian Language\u00e2\u0080\u009d. The Internet-Olympiad is organised by the Research Institute for Quality Education Monitoring and the National Supporting Fund for Innovations in the Sphere of Education. Our students have achieved some noticable results:<\/p>\n<ul>\n<li>\n\t\t\t2015 first round (Jan Grbac, Leo Gomba\u010d)<\/li>\n<li>\n\t\t\t2014 bronze medal (Aleksandar To\u0161i\u010d, Aleksandar Todorovi\u010d, ); other participants (Ana \u00c4\u0090or\u00c4\u0091evi\u010d, Tilen Bo\u0161i\u010d, Tadej Magajna, Alen Redek, Marko Tav\u010dar, Tomaz Tomazin\u010di\u010d, Rudi Kova\u010d)<\/li>\n<li>\n\t\t\t2013 bronze medal (Aleksandar Todorovi\u010d); other participants (Aleksandar To\u0161i\u010d, Marko Tav\u010dar, Andrej Godec, Tilen Bo\u0161i\u010d)<\/li>\n<\/ul>\n<\/div>\n<h2>\n\tImagineCup<\/h2>\n<p>\n\tImagine Cup is an annual competition sponsored and hosted by Microsoft Corp. which brings together young technologists worldwide to help resolve some of the world&#8217;s toughest challenges. The Imagine Cup comprises five major technology competitions, including Software Design, and four challenges (although the challenge number is updated annually). All Imagine Cup competitors create projects that address the Imagine Cup theme: &#8220;Imagine a world where technology helps solve the toughest problems&#8221;.<\/p>\n<p><\/body><\/p>","protected":false},"excerpt":{"rendered":"<p>We organize or participate in programming competitions at the national and international level. University programming marathon University programming marathon (UPM) is a Slovenian students&#8217; competition in programming with [&hellip;]<\/p>\n","protected":false},"author":0,"featured_media":0,"parent":0,"menu_order":0,"comment_status":"open","ping_status":"open","template":"","meta":{"footnotes":""},"_links":{"self":[{"href":"https:\/\/dist.famnit.upr.si\/index.php\/wp-json\/wp\/v2\/pages\/64"}],"collection":[{"href":"https:\/\/dist.famnit.upr.si\/index.php\/wp-json\/wp\/v2\/pages"}],"about":[{"href":"https:\/\/dist.famnit.upr.si\/index.php\/wp-json\/wp\/v2\/types\/page"}],"replies":[{"embeddable":true,"href":"https:\/\/dist.famnit.upr.si\/index.php\/wp-json\/wp\/v2\/comments?post=64"}],"version-history":[{"count":0,"href":"https:\/\/dist.famnit.upr.si\/index.php\/wp-json\/wp\/v2\/pages\/64\/revisions"}],"wp:attachment":[{"href":"https:\/\/dist.famnit.upr.si\/index.php\/wp-json\/wp\/v2\/media?parent=64"}],"curies":[{"name":"wp","href":"https:\/\/api.w.org\/{rel}","templated":true}]}}