{"id":661,"date":"-0001-11-30T00:00:00","date_gmt":"-0001-11-30T00:00:00","guid":{"rendered":"https:\/\/dist2.famnit.upr.si\/?p=661"},"modified":"-0001-11-30T00:00:00","modified_gmt":"-0001-11-30T00:00:00","slug":"dolgorocno-upravljanje-osebnih-podatkov-o-projektih","status":"publish","type":"page","link":"https:\/\/dist.famnit.upr.si\/index.php\/hicup\/hicup-projekti\/dolgorocno-upravljanje-osebnih-podatkov-o-projektih\/","title":{"rendered":"(Sloven\u0161\u010dina) Dolgoro\u010dno upravljanje osebnih podatkov o projektih"},"content":{"rendered":"<p class=\"qtranxs-available-languages-message qtranxs-available-languages-message-en\">Sorry, this entry is only available in <a href=\"https:\/\/dist.famnit.upr.si\/index.php\/wp-json\/wp\/v2\/pages\/661?lang=si\" class=\"qtranxs-available-language-link qtranxs-available-language-link-si\" title=\"Sloven\u0161\u010dina\">Sloven\u0161\u010dina<\/a>.<\/p>","protected":false},"excerpt":{"rendered":"<p>Sorry, this entry is only available in Sloven\u0161\u010dina.<\/p>\n","protected":false},"author":0,"featured_media":0,"parent":564,"menu_order":0,"comment_status":"open","ping_status":"open","template":"","meta":{"footnotes":""},"_links":{"self":[{"href":"https:\/\/dist.famnit.upr.si\/index.php\/wp-json\/wp\/v2\/pages\/661"}],"collection":[{"href":"https:\/\/dist.famnit.upr.si\/index.php\/wp-json\/wp\/v2\/pages"}],"about":[{"href":"https:\/\/dist.famnit.upr.si\/index.php\/wp-json\/wp\/v2\/types\/page"}],"replies":[{"embeddable":true,"href":"https:\/\/dist.famnit.upr.si\/index.php\/wp-json\/wp\/v2\/comments?post=661"}],"version-history":[{"count":0,"href":"https:\/\/dist.famnit.upr.si\/index.php\/wp-json\/wp\/v2\/pages\/661\/revisions"}],"up":[{"embeddable":true,"href":"https:\/\/dist.famnit.upr.si\/index.php\/wp-json\/wp\/v2\/pages\/564"}],"wp:attachment":[{"href":"https:\/\/dist.famnit.upr.si\/index.php\/wp-json\/wp\/v2\/media?parent=661"}],"curies":[{"name":"wp","href":"https:\/\/api.w.org\/{rel}","templated":true}]}}