{"id":850,"date":"2019-02-20T15:49:36","date_gmt":"2019-02-20T15:49:36","guid":{"rendered":"https:\/\/dist2.famnit.upr.si\/?p=850"},"modified":"2019-02-20T15:49:36","modified_gmt":"2019-02-20T15:49:36","slug":"o-oddelku-1","status":"publish","type":"page","link":"https:\/\/dist.famnit.upr.si\/index.php\/o-oddelku-1\/?lang=si","title":{"rendered":"O oddelku"},"content":{"rendered":"<p><body><\/p>\n<p><\/p>\n<p>Poslanstvo Oddelka za Informacijske Znanosti in Tehnologije (DIST) je prispevati k dru\u0161benem napredku preko raziskovanja novih oblik izkori\u0161\u010danja ra\u010dunalni\u0161ke zmogljivosti in digitalnih virov na na\u010dine, ki bodo pove\u010dali sposobnosti posameznika in dru\u0161be.<\/p>\n<p>To poslanstvo uresni\u010dujemo preko raziskovanja na podro\u010dju <strong>Ra\u010dunsko podprte interakcije \u201dComputational Interactions\u201d<\/strong> z uporabo naprednih ra\u010dunalni\u0161kih metod, algoritmov, kognitivnih modelov in vseskozi nara\u0161\u010dajo\u010dih ra\u010dunalni\u0161kih zmogljivosti, za na\u010drtovanje in izdelavo ra\u010dunalni\u0161kih sistemov bodo\u010dnosti, ki zajemajo kompleksnost in nepredvidljivost \u010dlove\u0161kega vedenja in dru\u0161be.<\/p>\n<p>Z uresni\u010devanjem tega poslanstva smo aktivni udele\u0161enci razvoja naslednjega vala ra\u010dunalni\u0161tva, ki bo preplavil in spremenil na\u0161a \u0161ivljenja \u0161e bolj ob\u010dutno kot prihod osebnega ra\u010dunalnika, interneta in mobilnega ra\u010dunalni\u0161tva.<\/p>\n<p>\u00a0<\/p>\n<p style=\"text-align:center\"><img decoding=\"async\" alt=\"\" src=\"https:\/\/dist2.famnit.upr.si\/wp-content\/uploads\/2019\/02\/network.jpg\" style=\"width:50%\"><\/p>\n<p>\u00a0<\/p>\n<p><\/body><\/p>","protected":false},"excerpt":{"rendered":"<p>Poslanstvo Oddelka za Informacijske Znanosti in Tehnologije (DIST) je prispevati k dru\u0161benem napredku preko raziskovanja novih oblik izkori\u0161\u010danja ra\u010dunalni\u0161ke zmogljivosti in digitalnih virov na na\u010dine, ki bodo pove\u010dali [&hellip;]<\/p>\n","protected":false},"author":0,"featured_media":0,"parent":0,"menu_order":0,"comment_status":"open","ping_status":"open","template":"","meta":{"footnotes":""},"_links":{"self":[{"href":"https:\/\/dist.famnit.upr.si\/index.php\/wp-json\/wp\/v2\/pages\/850"}],"collection":[{"href":"https:\/\/dist.famnit.upr.si\/index.php\/wp-json\/wp\/v2\/pages"}],"about":[{"href":"https:\/\/dist.famnit.upr.si\/index.php\/wp-json\/wp\/v2\/types\/page"}],"replies":[{"embeddable":true,"href":"https:\/\/dist.famnit.upr.si\/index.php\/wp-json\/wp\/v2\/comments?post=850"}],"version-history":[{"count":0,"href":"https:\/\/dist.famnit.upr.si\/index.php\/wp-json\/wp\/v2\/pages\/850\/revisions"}],"wp:attachment":[{"href":"https:\/\/dist.famnit.upr.si\/index.php\/wp-json\/wp\/v2\/media?parent=850"}],"curies":[{"name":"wp","href":"https:\/\/api.w.org\/{rel}","templated":true}]}}