{"id":864,"date":"2019-02-14T12:05:13","date_gmt":"2019-02-14T12:05:13","guid":{"rendered":"https:\/\/dist2.famnit.upr.si\/?p=864"},"modified":"2019-02-14T12:05:13","modified_gmt":"2019-02-14T12:05:13","slug":"reg-toolbox","status":"publish","type":"page","link":"https:\/\/dist.famnit.upr.si\/index.php\/projekti\/reg-toolbox\/?lang=si","title":{"rendered":"REG-toolbox: Programska orodjarna za poravnavanje slik v okolju Matlab in Octave"},"content":{"rendered":"<p><body><\/p>\n<p><\/p>\n<p>Poravnavanje slik je namenjeno prostorskemu usklajevanju slik, s \u010dimer ugotavljamo prostorske spremembe oziroma transformacije objektov na slikah. Ena od slik slu\u0161i za referenco pri poravnavanju druge\/drugih slik, ki jih z ugotovljeno geoemtrijsko transformacijo lahko prevzor\u010dimo tako, da se objekti na slikah vedno nahajajo na istem mestu.<\/p>\n<p>Poravnavanje medicinskih slik za ve\u010dino medicinskih primerov \u0161e ni optimalno re\u0161en problem. Delovanje postopkov poravnave slik si prizadevamo izbolj\u0161ati z razvojem novih metod, ki bi omogo\u010dile uporabo predhodnega znanja o obravnavanem primeru. Posve\u010damo se predvsem naprednim metodam izra\u010dunavanja kriteriskih funkcij, imenovanih tudi mere podobnosti, ki omogo\u010dajo ve\u010dmodalno poravnavanje slik in temeljijo na principu to\u010dkovnega merjenja.<\/p>\n<p>Eden od razultatov na\u0161ega dela je programska orodjarna REG-toolbox za okolje Matlab in Octave. Cilj te je poenostaviti in pohitriti razvoj novih postopkov slikovnega poravnavanja, ki bi bili bolje prilagojeni primerom uporabe. Orodjarna vklju\u010duje implementacije \u0161tevilnih algoritmov, ki jih na enostaven in razumljiv na\u010din povezujemo v zaokro\u0161ene postopke poravnavanja slik.<br \/>\nZ delom na podro\u010dju slikovnih poravnav sodelujemo pri COST aktivnosti Parenchima, CA 16103, delovni skupini 2, ki ima za cilj ponuditi podatkovno bazo in postopke za nadaljnji razvoj magnetno resonan\u010dnih biomarkerjev.<\/p>\n<p style=\"text-align:center\"><img decoding=\"async\" alt=\"\" src=\"https:\/\/dist2.famnit.upr.si\/wp-content\/uploads\/2019\/02\/registrationprocess.jpg\" style=\"width:70%;\"><\/p>\n<p>REG-toolbox Github: https:\/\/github.com\/progelj\/REG-toolbox<br \/>\nProjekt vodi: doc.dr. Peter Rogelj<\/p>\n<p>\u00a0<\/p>\n<p><\/body><\/p>","protected":false},"excerpt":{"rendered":"<p>Poravnavanje slik je namenjeno prostorskemu usklajevanju slik, s \u010dimer ugotavljamo prostorske spremembe oziroma transformacije objektov na slikah. Ena od slik slu\u0161i za referenco pri poravnavanju druge\/drugih slik, ki [&hellip;]<\/p>\n","protected":false},"author":0,"featured_media":0,"parent":27,"menu_order":0,"comment_status":"open","ping_status":"open","template":"","meta":{"footnotes":""},"_links":{"self":[{"href":"https:\/\/dist.famnit.upr.si\/index.php\/wp-json\/wp\/v2\/pages\/864"}],"collection":[{"href":"https:\/\/dist.famnit.upr.si\/index.php\/wp-json\/wp\/v2\/pages"}],"about":[{"href":"https:\/\/dist.famnit.upr.si\/index.php\/wp-json\/wp\/v2\/types\/page"}],"replies":[{"embeddable":true,"href":"https:\/\/dist.famnit.upr.si\/index.php\/wp-json\/wp\/v2\/comments?post=864"}],"version-history":[{"count":0,"href":"https:\/\/dist.famnit.upr.si\/index.php\/wp-json\/wp\/v2\/pages\/864\/revisions"}],"up":[{"embeddable":true,"href":"https:\/\/dist.famnit.upr.si\/index.php\/wp-json\/wp\/v2\/pages\/27"}],"wp:attachment":[{"href":"https:\/\/dist.famnit.upr.si\/index.php\/wp-json\/wp\/v2\/media?parent=864"}],"curies":[{"name":"wp","href":"https:\/\/api.w.org\/{rel}","templated":true}]}}