{"id":899,"date":"2022-01-26T13:47:58","date_gmt":"2022-01-26T13:47:58","guid":{"rendered":"https:\/\/dist2.famnit.upr.si\/?p=899"},"modified":"2023-08-10T23:46:46","modified_gmt":"2023-08-10T23:46:46","slug":"dlt-publikacije","status":"publish","type":"page","link":"https:\/\/dist.famnit.upr.si\/index.php\/dlt-1\/dlt-publikacije\/","title":{"rendered":"Publications"},"content":{"rendered":"<p><body><\/p>\n<p><script async src=\"https:\/\/www.googletagmanager.com\/gtag\/js?id=UA-112485603-1\"><\/script><script>\n  window.dataLayer = window.dataLayer || [];\n  function gtag(){dataLayer.push(arguments);}\n  gtag('js', new Date());<\/p>\n<p>  gtag('config', 'UA-112485603-1');\n<\/script><\/p>\n<style type=\"text\/css\">a, h1, h2, h3, h4, p{ text-align: left;}\n<\/style>\n<p>[custom_menu menu=&#8221;Blockchain&#8221;]<br \/>\n<\/p>\n<ul>\n<li aria-level=\"1\" dir=\"ltr\">\n<p dir=\"ltr\" role=\"presentation\"><b id=\"docs-internal-guid-4a4c0149-7fff-7ae2-1da9-620c6e22e445\">HROVATIN, Niki, TO\u0160I\u010d, Aleksandar, VI\u010dI\u010d, Jernej. In-network convolution in grid shaped sensor networks. Journal of web engineering, ISSN 1540-9589, 2022, vol. 21, no. 1, str. 75%96, ilustr. https:\/\/journals.riverpublishers.com\/index.php\/JWE\/article\/view\/12517, https:\/\/doi.org\/10.13052\/jwe1540-9589.2114, doi: 10.13052\/jwe1540-9589.2114. [COBISS.SI-ID 90480387], [JCR, SNIP, WoS do 22. 12. 2021: \u0161t. citatov (TC): 0, \u010distih citatov (CI): 0, \u010distih citatov na avtorja (CIAu): 0]<\/b><\/p>\n<\/li>\n<\/ul>\n<p>\u00a0<\/p>\n<ul>\n<li aria-level=\"1\" dir=\"ltr\">\n<p dir=\"ltr\" role=\"presentation\"><b id=\"docs-internal-guid-4a4c0149-7fff-7ae2-1da9-620c6e22e445\">TO\u0160I\u010d, Aleksandar, VI\u010dI\u010d, Jernej. Spatial path selection and network topology optimisation in P2P anonymous routing protocols. Journal of web engineering, ISSN 1540-9589, 2022, vol. 21, no. 1, str. 97-118, ilustr. https:\/\/journals.riverpublishers.com\/index.php\/JWE\/article\/view\/12519, doi: 10.13052\/jwe1540-9589.2115. [COBISS.SI-ID 89619715], [JCR, SNIP, WoS do 16. 12. 2021: \u0161t. citatov (TC): 0, \u010distih citatov (CI): 0, \u010distih citatov na avtorja (CIAu): 0] kategorija: 1A4 (Z); uvrstitev: SCI, Scopus; tip dela \u0161e ni verificiran<\/b><\/p>\n<\/li>\n<\/ul>\n<p>\u00a0<\/p>\n<ul>\n<li aria-level=\"1\" dir=\"ltr\">\n<p dir=\"ltr\" role=\"presentation\"><b id=\"docs-internal-guid-4a4c0149-7fff-7ae2-1da9-620c6e22e445\">TO\u0160I\u010d, Aleksandar, VI\u010dI\u010d, Jernej. A decentralized authoritative multiplayer architecture for games on the edge. Computing and informatics, ISSN 1335-9150, 2021, vol. 40, no. 3, str. 522%542, graf. prikazi. http:\/\/www.cai.sk\/ojs\/index.php\/cai\/article\/view\/2021_3_522, doi: 10.31577\/cai_2021_3_522. [COBISS.SI-ID 89424643], [JCR, SNIP, Scopus do 17. 1. 2022: \u0161t. citatov (TC): 0, \u010distih citatov (CI): 0, \u010distih citatov na avtorja (CIAu): 0]<\/b><\/p>\n<\/li>\n<\/ul>\n<p>\u00a0<\/p>\n<ul>\n<li aria-level=\"1\" dir=\"ltr\">\n<p dir=\"ltr\" role=\"presentation\"><b id=\"docs-internal-guid-4a4c0149-7fff-7ae2-1da9-620c6e22e445\">TO\u0160I\u010d, Aleksandar, HROVATIN, Niki, VI\u010dI\u010d, Jernej. Data about fall events and ordinary daily activities from asensorized smart floor. Data in brief, ISSN 2352-3409, 2021, vol. 37, article 107253, str. 1-11, ilustr. https:\/\/www.sciencedirect.com\/science\/article\/pii\/S2352340921005370, doi: 10.1016\/j.dib.2021.107253. [COBISS.SI-ID 69923843], [SNIP, WoS do 8. 12. 2021: \u0161t. citatov (TC): 1, \u010distih citatov (CI): 1, \u010distih citatov na avtorja (CIAu): 0.33, Scopus do 25. 11. 2021: \u0161t. citatov (TC): 1, \u010distih citatov (CI): 1, \u010distih citatov na avtorja (CIAu): 0.33]<\/b><\/p>\n<\/li>\n<\/ul>\n<p>\u00a0<\/p>\n<ul>\n<li aria-level=\"1\" dir=\"ltr\">\n<p dir=\"ltr\" role=\"presentation\"><b id=\"docs-internal-guid-4a4c0149-7fff-7ae2-1da9-620c6e22e445\">TO\u0160I\u010d, Aleksandar, VI\u010dI\u010d, Jernej. Use of Benford&#8217;s law on academic publishing networks. Journal of informetrics : an international journal, ISSN 1751-1577, 2021, vol. 15, iss. 3, str. 1-15. https:\/\/www.sciencedirect.com\/science\/article\/pii\/S1751157721000341?via%3Dihub, doi: 10.1016\/j.joi.2021.101163. [COBISS.SI-ID 61063939], [JCR, SNIP, WoS do 15. 10. 2021: \u0161t. citatov (TC): 0, \u010distih citatov (CI): 0, \u010distih citatov na avtorja (CIAu): 0, Scopus do 31. 8. 2021: \u0161t. citatov (TC): 0, \u010distih citatov (CI): 0, \u010distih citatov na avtorja (CIAu): 0]<\/b><\/p>\n<\/li>\n<\/ul>\n<p>\u00a0<\/p>\n<ul>\n<li aria-level=\"1\" dir=\"ltr\">\n<p dir=\"ltr\" role=\"presentation\"><b id=\"docs-internal-guid-4a4c0149-7fff-7ae2-1da9-620c6e22e445\">VI\u010dI\u010d, Jernej, GRGUROVI\u010d, Marko. Method to overcome the ambiguities in shallow parse and transfer machine translation. Computing and informatics, ISSN 1335-9150, 2018, vol. 37, no. 6, str. 1443-1463, graf. prikazi. http:\/\/www.cai.sk\/ojs\/index.php\/cai\/article\/view\/2018_6_1443, doi: 10.4149\/cai 2018 6 1443. [COBISS.SI-ID 1541127876], [JCR, SNIP]<\/b><\/p>\n<\/li>\n<\/ul>\n<p>\u00a0<\/p>\n<ul>\n<li aria-level=\"1\" dir=\"ltr\">\n<p dir=\"ltr\" role=\"presentation\"><b id=\"docs-internal-guid-4a4c0149-7fff-7ae2-1da9-620c6e22e445\">BOROS, Endre, GURVICH, Vladimir, MILANI\u010d, Martin, OUDALOV, Vladimir, VI\u010dI\u010d, Jernej. A three-person deterministic graphical game without Nash equilibria. Discrete applied mathematics, ISSN 0166-218X. [Print ed.], 2018, vol. 243, str. 21-38. https:\/\/www.sciencedirect.com\/science\/article\/pii\/S0166218X18300404?via%3Dihub, doi: 10.1016\/j.dam.2018.01.008. [COBISS.SI-ID 1540221636], [JCR, SNIP, WoS do 9. 8. 2021: \u0161t. citatov (TC): 2, \u010distih citatov (CI): 2, \u010distih citatov na avtorja (CIAu): 0.40, Scopus do 25. 8. 2021: \u0161t. citatov (TC): 4, \u010distih citatov (CI): 4, \u010distih citatov na avtorja (CIAu): 0.80]<\/b><\/p>\n<\/li>\n<\/ul>\n<p>\u00a0<\/p>\n<ul>\n<li aria-level=\"1\" dir=\"ltr\">\n<p dir=\"ltr\" role=\"presentation\"><b id=\"docs-internal-guid-4a4c0149-7fff-7ae2-1da9-620c6e22e445\">VI\u010dI\u010d, Jernej. Jezikovni viri za prevajalne sisteme. Annales : anali za istrske in mediteranske \u0161tudije, Series historia et sociologia, ISSN 1408-5348. [Tiskana izd.], 2016, letn. 26, \u0161t. 4, str. 751-767, ilustr., doi: 10.19233\/ASHS.2016.57. [COBISS.SI-ID 1539062468], [SNIP, Scopus do 28. 1. 2017: \u0161t. citatov (TC): 0, \u010distih citatov (CI): 0, \u010distih citatov na avtorja (CIAu): 0]<\/b><\/p>\n<\/li>\n<\/ul>\n<p>\u00a0<\/p>\n<ul>\n<li aria-level=\"1\" dir=\"ltr\">\n<p dir=\"ltr\" role=\"presentation\"><b id=\"docs-internal-guid-4a4c0149-7fff-7ae2-1da9-620c6e22e445\">VI\u010dI\u010d, Jernej, HOMOLA, Petr, KUBO\u0148, Vladislav. Automated implementation process of machine translation system for related languages. Computing and informatics, ISSN 1335-9150, 2016, vol. 35, no. 2, str. 441-469. [COBISS.SI-ID 1538538948], [JCR, SNIP, WoS do 9. 8. 2021: \u0161t. citatov (TC): 1, \u010distih citatov (CI): 1, \u010distih citatov na avtorja (CIAu): 0.33, Scopus do 29. 11. 2019: \u0161t. citatov (TC): 2, \u010distih citatov (CI): 2, \u010distih citatov na avtorja (CIAu): 0.67]<\/b><\/p>\n<\/li>\n<\/ul>\n<p>\u00a0<\/p>\n<ul>\n<li aria-level=\"1\" dir=\"ltr\">\n<p dir=\"ltr\" role=\"presentation\"><b id=\"docs-internal-guid-4a4c0149-7fff-7ae2-1da9-620c6e22e445\">KLJUN, Matja\u0161, VI\u010dI\u010d, Jernej, \u010dOPI\u010d PUCIHAR, Klen, KAV\u0160EK, Branko. &#8220;I agree&#8221; : the effects of embedding terms of service key points in online user registration form. V: ABASCAL, Julio (ur.). Human-Computer Interaction &#8211; INTERACT 2015. Part II : proceedings : 15th IFIP TC 13 International Conference, Bamberg, Germany, September 14-18, 2015,, (Lecture notes in computer science, ISSN 0302-9743, 9297). Berlin; New York: Springer. cop. 2015, str. 420-427, ilustr. http:\/\/link.springer.com\/book\/10.1007\/978-3-319-22668-2, doi: 10.1007\/978-3-319-22668-2_32. [COBISS.SI-ID 1537827012], [SNIP, WoS do 13. 2. 2016: \u0161t. citatov (TC): 0, \u010distih citatov (CI): 0, \u010distih citatov na avtorja (CIAu): 0, Scopus do 14. 11. 2015: \u0161t. citatov (TC): 0, \u010distih citatov (CI): 0, \u010distih citatov na avtorja (CIAu): 0]<\/b><\/p>\n<\/li>\n<\/ul>\n<\/nav>\n<p><\/body><\/p>","protected":false},"excerpt":{"rendered":"<p>[custom_menu menu=&#8221;Blockchain&#8221;] HROVATIN, Niki, TO\u0160I\u010d, Aleksandar, VI\u010dI\u010d, Jernej. In-network convolution in grid shaped sensor networks. Journal of web engineering, ISSN 1540-9589, 2022, vol. 21, no. 1, str. 75%96, [&hellip;]<\/p>\n","protected":false},"author":1,"featured_media":0,"parent":892,"menu_order":0,"comment_status":"open","ping_status":"open","template":"","meta":{"footnotes":""},"_links":{"self":[{"href":"https:\/\/dist.famnit.upr.si\/index.php\/wp-json\/wp\/v2\/pages\/899"}],"collection":[{"href":"https:\/\/dist.famnit.upr.si\/index.php\/wp-json\/wp\/v2\/pages"}],"about":[{"href":"https:\/\/dist.famnit.upr.si\/index.php\/wp-json\/wp\/v2\/types\/page"}],"author":[{"embeddable":true,"href":"https:\/\/dist.famnit.upr.si\/index.php\/wp-json\/wp\/v2\/users\/1"}],"replies":[{"embeddable":true,"href":"https:\/\/dist.famnit.upr.si\/index.php\/wp-json\/wp\/v2\/comments?post=899"}],"version-history":[{"count":2,"href":"https:\/\/dist.famnit.upr.si\/index.php\/wp-json\/wp\/v2\/pages\/899\/revisions"}],"predecessor-version":[{"id":2792,"href":"https:\/\/dist.famnit.upr.si\/index.php\/wp-json\/wp\/v2\/pages\/899\/revisions\/2792"}],"up":[{"embeddable":true,"href":"https:\/\/dist.famnit.upr.si\/index.php\/wp-json\/wp\/v2\/pages\/892"}],"wp:attachment":[{"href":"https:\/\/dist.famnit.upr.si\/index.php\/wp-json\/wp\/v2\/media?parent=899"}],"curies":[{"name":"wp","href":"https:\/\/api.w.org\/{rel}","templated":true}]}}